{"id":932,"date":"2025-06-06T16:57:34","date_gmt":"2025-06-06T14:57:34","guid":{"rendered":"https:\/\/new.eftacim.org\/kamer-van-individuele-leden\/"},"modified":"2026-01-27T10:58:03","modified_gmt":"2026-01-27T09:58:03","slug":"kamer-van-individuele-leden","status":"publish","type":"page","link":"https:\/\/new.eftacim.org\/nl\/","title":{"rendered":"Kamer van Individuele Leden"},"content":{"rendered":"\n<h2 class=\"wp-block-heading\">Het woord van de voorzitter<\/h2>\n\n<div class=\"wp-block-columns is-layout-flex wp-container-core-columns-is-layout-9d6595d7 wp-block-columns-is-layout-flex\">\n<div class=\"wp-block-column is-layout-flow wp-block-column-is-layout-flow\" style=\"flex-basis:33.33%\"><div class=\"wp-block-image\">\n<figure class=\"aligncenter size-full\"><img loading=\"lazy\" decoding=\"async\" width=\"304\" height=\"360\" src=\"https:\/\/new.eftacim.org\/wp-content\/uploads\/nisse_m.png\" alt=\"\" class=\"wp-image-31\"\/><\/figure>\n<\/div><\/div>\n\n\n\n<div class=\"wp-block-column is-layout-flow wp-block-column-is-layout-flow\" style=\"flex-basis:66.66%\">\n<p>De vicevoorzitter van EFTA en de voorzitter van CIM, verenigd in \u00e9\u00e9n persoon, biedt u haar beste wensen voor 2026 en deze paar woorden om dit nieuwe mandaat te openen. <\/p>\n\n\n\n<p>Bij CIM heeft de continu\u00efteit gezegevierd!<\/p>\n\n\n\n<p>Met een open geest voor nieuwe idee\u00ebn en de kruising van wetenschappen zetten het bureau van CIM en ikzelf de missies van CIM en EFTA in het algemeen voort. Met Maurizio Frisina (Belgi\u00eb) als penningmeester, Federico Ferrari (Itali\u00eb) als secretaris, Iva Ursini (Itali\u00eb), Marie-Jeanne Schon (Luxemburg) en Myriam Cassen (Frankrijk), die Viola Sallay (Hongarije) opvolgt als vicevoorzitter, blijven we onze competenties bundelen, verbonden aan deze mooie en rijke gedeelde ervaring van de vorige termijn.<\/p>\n\n\n\n<p>De nieuwigheden?<\/p>\n\n\n\n<p>Als vicevoorzitter van EFTA hoop ik door mijn bijdrage een meerwaarde te leveren aan de veeleisende taak van het voorzitterschap van onze ambitieuze vereniging, die in continu\u00efteit wordt verzekerd door Umberta Telfener.<\/p>\n\n\n\n<p>Als voorzitter van CIM blijf ik de systemische denkwijze zo breed mogelijk openstellen \u2013 onze wereld heeft het nodig \u2013 dat is de reden waarom bij CIM de kandidaturen welkom zijn van degenen die, hoewel opgeleid, niet als familietherapeuten werken, maar als systemische practitioners, omdat de toepassingsgebieden zeer breed zijn.<\/p>\n\n\n\n<p>Onze nieuwe site is online en we zijn bezig met het bouwen van het nieuwe CIM-congres van 2027, het thema en de grote lijnen zijn al gedefinieerd, evenals de mogelijke locatie. Maar dat is nog een verrassing!<\/p>\n\n\n\n<p>Tot binnenkort allemaal!<\/p>\n\n\n\n<p>Martine NISSE<\/p>\n\n\n\n<figure class=\"wp-block-image size-large is-resized\"><img loading=\"lazy\" decoding=\"async\" width=\"1920\" height=\"1567\" src=\"https:\/\/new.eftacim.org\/wp-content\/uploads\/board_cim2022-3-2048x1671-1-1920x1567.jpg\" alt=\"\" class=\"wp-image-35\" style=\"aspect-ratio:1.5;object-fit:cover;width:350px;height:auto\" srcset=\"https:\/\/new.eftacim.org\/wp-content\/uploads\/board_cim2022-3-2048x1671-1-1920x1567.jpg 1920w, https:\/\/new.eftacim.org\/wp-content\/uploads\/board_cim2022-3-2048x1671-1-1024x836.jpg 1024w, https:\/\/new.eftacim.org\/wp-content\/uploads\/board_cim2022-3-2048x1671-1-768x627.jpg 768w, https:\/\/new.eftacim.org\/wp-content\/uploads\/board_cim2022-3-2048x1671-1-1536x1253.jpg 1536w, https:\/\/new.eftacim.org\/wp-content\/uploads\/board_cim2022-3-2048x1671-1.jpg 2048w\" sizes=\"auto, (max-width: 1920px) 100vw, 1920px\" \/><\/figure>\n<\/div>\n<\/div>\n\n<p><\/p>\n","protected":false},"excerpt":{"rendered":"<p>Het woord van de voorzitter De vicevoorzitter van EFTA en de voorzitter van CIM, verenigd in \u00e9\u00e9n persoon, biedt u haar beste wensen voor 2026 en deze paar woorden om dit nieuwe mandaat te openen. Bij CIM heeft de continu\u00efteit gezegevierd! Met een open geest voor nieuwe idee\u00ebn en de kruising van wetenschappen zetten het [&hellip;]<\/p>\n","protected":false},"author":1,"featured_media":910,"parent":0,"menu_order":0,"comment_status":"closed","ping_status":"closed","template":"","meta":{"footnotes":""},"categories":[],"tags":[],"class_list":["post-932","page","type-page","status-publish","has-post-thumbnail","hentry"],"_links":{"self":[{"href":"https:\/\/new.eftacim.org\/nl\/wp-json\/wp\/v2\/pages\/932","targetHints":{"allow":["GET"]}}],"collection":[{"href":"https:\/\/new.eftacim.org\/nl\/wp-json\/wp\/v2\/pages"}],"about":[{"href":"https:\/\/new.eftacim.org\/nl\/wp-json\/wp\/v2\/types\/page"}],"author":[{"embeddable":true,"href":"https:\/\/new.eftacim.org\/nl\/wp-json\/wp\/v2\/users\/1"}],"replies":[{"embeddable":true,"href":"https:\/\/new.eftacim.org\/nl\/wp-json\/wp\/v2\/comments?post=932"}],"version-history":[{"count":1,"href":"https:\/\/new.eftacim.org\/nl\/wp-json\/wp\/v2\/pages\/932\/revisions"}],"predecessor-version":[{"id":934,"href":"https:\/\/new.eftacim.org\/nl\/wp-json\/wp\/v2\/pages\/932\/revisions\/934"}],"wp:featuredmedia":[{"embeddable":true,"href":"https:\/\/new.eftacim.org\/nl\/wp-json\/wp\/v2\/media\/910"}],"wp:attachment":[{"href":"https:\/\/new.eftacim.org\/nl\/wp-json\/wp\/v2\/media?parent=932"}],"wp:term":[{"taxonomy":"category","embeddable":true,"href":"https:\/\/new.eftacim.org\/nl\/wp-json\/wp\/v2\/categories?post=932"},{"taxonomy":"post_tag","embeddable":true,"href":"https:\/\/new.eftacim.org\/nl\/wp-json\/wp\/v2\/tags?post=932"}],"curies":[{"name":"wp","href":"https:\/\/api.w.org\/{rel}","templated":true}]}}