{"id":796,"date":"2025-10-21T09:39:32","date_gmt":"2025-10-21T07:39:32","guid":{"rendered":"https:\/\/new.eftacim.org\/liens\/"},"modified":"2026-01-27T10:15:22","modified_gmt":"2026-01-27T09:15:22","slug":"liens","status":"publish","type":"page","link":"https:\/\/new.eftacim.org\/nl\/liens\/","title":{"rendered":"Links"},"content":{"rendered":"<div class=\"wp-block-image\">\n<figure class=\"aligncenter size-full is-resized\"><img loading=\"lazy\" decoding=\"async\" width=\"1300\" height=\"255\" src=\"https:\/\/new.eftacim.org\/wp-content\/uploads\/efta_logo_ocre_resized.png\" alt=\"\" class=\"wp-image-625\" style=\"width:805px;height:auto\" srcset=\"https:\/\/new.eftacim.org\/wp-content\/uploads\/efta_logo_ocre_resized.png 1300w, https:\/\/new.eftacim.org\/wp-content\/uploads\/efta_logo_ocre_resized-1024x201.png 1024w, https:\/\/new.eftacim.org\/wp-content\/uploads\/efta_logo_ocre_resized-768x151.png 768w\" sizes=\"auto, (max-width: 1300px) 100vw, 1300px\" \/><\/figure>\n<\/div>\n\n\n<h2 class=\"wp-block-heading\">Links<\/h2>\n\n\n\n<p><a href=\"http:\/\/www.europsyche.org\/\">European Association for Psychotherapy (EAP)<\/a><\/p>\n\n\n\n<p><a href=\"https:\/\/www.nvrg.nl\/home\" data-type=\"link\" data-id=\"https:\/\/www.nvrg.nl\/home\" target=\"_blank\" rel=\"noreferrer noopener\">Nederlandse Vereniging voor Relatie- en Gezinstherapie (NVRG)<\/a><\/p>\n\n\n\n<p><a href=\"https:\/\/bvrgs.be\/\" target=\"_blank\" rel=\"noreferrer noopener\">Belgische Vereniging voor Relatie- en Gezinstherapie en Systeemcounseling (BVRGS)<\/a><\/p>\n\n\n\n<p><a href=\"https:\/\/www.sippr.it\/\" data-type=\"link\" data-id=\"https:\/\/www.sippr.it\/\" target=\"_blank\" rel=\"noreferrer noopener\">Societ\u00e0 Italiana di Psicologia e Psicoterapia Relazionale (SIPPR)<\/a><\/p>\n\n\n\n<p><a href=\"https:\/\/www.featf.org\/\" data-type=\"link\" data-id=\"https:\/\/www.featf.org\/\" target=\"_blank\" rel=\"noreferrer noopener\">Federacion espa\u00f1ola de asociaciones de terapia familiar (FEATF)<\/a><\/p>\n\n\n\n<p><a href=\"http:\/\/www.ff2p.fr\/\">F\u00e9d\u00e9ration Fran\u00e7aise de Psychoth\u00e9rapie et Psychanalyse<\/a><\/p>\n\n\n\n<p><a href=\"https:\/\/www.sftf.info\/\">Federation Fran\u00e7aise de Th\u00e9rapie Familiale (SFTF)<\/a><\/p>\n\n\n\n<p><a href=\"https:\/\/abipfs.be\/\">Association Belge pour l&#8217;Intervention et la Psychoth\u00e9rapie Familiale Syst\u00e9mique (ABIPFS)<\/a><\/p>\n\n\n\n<p><a href=\"https:\/\/www.cairn.info\/revue-cahiers-critiques-de-therapie-familiale.htm?WT.tsrc=cairnSearchAutocomplete\" target=\"_blank\" rel=\"noreferrer noopener\">Cahiers critiques de Th\u00e9rapie Familiale et de pratique de r\u00e9seaux<\/a><\/p>\n\n\n\n<p><a href=\"https:\/\/shs.cairn.info\/revue-therapie-familiale?lang=fr\">Th\u00e9rapie Familiale (Revue)<\/a><\/p>\n\n\n\n<p><a href=\"http:\/\/www.aamft.org\/\">American Association for Marriage and Family Therapy<\/a><\/p>\n\n\n\n<p><a href=\"http:\/\/www.afta.org\/\">American Family Therapy Academy<\/a><\/p>\n\n\n\n<p><a href=\"http:\/\/www.aaft.asn.au\/\">Association Australienne de Th\u00e9rapie Familiale<\/a><\/p>\n\n\n\n<p><a href=\"https:\/\/www.acafamilytherapy.org\/\" target=\"_blank\" rel=\"noreferrer noopener\">Asian Academy of Family Therapy<\/a><\/p>\n\n\n\n<p><a href=\"http:\/\/www.ifta-familytherapy.org\/\">International Family Therapy Association<\/a><\/p>\n\n\n\n<p><a href=\"https:\/\/ec.europa.eu\/health\/\" target=\"_blank\" rel=\"noreferrer noopener\">European Commission<\/a><\/p>\n\n\n\n<p><a href=\"http:\/\/www.mhe-sme.org\/\" target=\"_blank\" rel=\"noreferrer noopener\">Mental Health Europe<\/a><\/p>\n\n\n\n<p><a href=\"https:\/\/eurofamnet.eu\/home\" target=\"_blank\" rel=\"noreferrer noopener\">The European Family Support Network (Eurofamnet)<\/a><\/p>\n","protected":false},"excerpt":{"rendered":"<p>Links European Association for Psychotherapy (EAP) Nederlandse Vereniging voor Relatie- en Gezinstherapie (NVRG) Belgische Vereniging voor Relatie- en Gezinstherapie en Systeemcounseling (BVRGS) Societ\u00e0 Italiana di Psicologia e Psicoterapia Relazionale (SIPPR) Federacion espa\u00f1ola de asociaciones de terapia familiar (FEATF) F\u00e9d\u00e9ration Fran\u00e7aise de Psychoth\u00e9rapie et Psychanalyse Federation Fran\u00e7aise de Th\u00e9rapie Familiale (SFTF) Association Belge pour l&#8217;Intervention et [&hellip;]<\/p>\n","protected":false},"author":2,"featured_media":0,"parent":0,"menu_order":0,"comment_status":"closed","ping_status":"closed","template":"","meta":{"footnotes":""},"categories":[],"tags":[],"class_list":["post-796","page","type-page","status-publish","hentry"],"_links":{"self":[{"href":"https:\/\/new.eftacim.org\/nl\/wp-json\/wp\/v2\/pages\/796","targetHints":{"allow":["GET"]}}],"collection":[{"href":"https:\/\/new.eftacim.org\/nl\/wp-json\/wp\/v2\/pages"}],"about":[{"href":"https:\/\/new.eftacim.org\/nl\/wp-json\/wp\/v2\/types\/page"}],"author":[{"embeddable":true,"href":"https:\/\/new.eftacim.org\/nl\/wp-json\/wp\/v2\/users\/2"}],"replies":[{"embeddable":true,"href":"https:\/\/new.eftacim.org\/nl\/wp-json\/wp\/v2\/comments?post=796"}],"version-history":[{"count":3,"href":"https:\/\/new.eftacim.org\/nl\/wp-json\/wp\/v2\/pages\/796\/revisions"}],"predecessor-version":[{"id":899,"href":"https:\/\/new.eftacim.org\/nl\/wp-json\/wp\/v2\/pages\/796\/revisions\/899"}],"wp:attachment":[{"href":"https:\/\/new.eftacim.org\/nl\/wp-json\/wp\/v2\/media?parent=796"}],"wp:term":[{"taxonomy":"category","embeddable":true,"href":"https:\/\/new.eftacim.org\/nl\/wp-json\/wp\/v2\/categories?post=796"},{"taxonomy":"post_tag","embeddable":true,"href":"https:\/\/new.eftacim.org\/nl\/wp-json\/wp\/v2\/tags?post=796"}],"curies":[{"name":"wp","href":"https:\/\/api.w.org\/{rel}","templated":true}]}}