{"id":944,"date":"2025-06-06T16:57:34","date_gmt":"2025-06-06T14:57:34","guid":{"rendered":"https:\/\/new.eftacim.org\/camera-dei-membri-individuali\/"},"modified":"2026-01-27T11:02:07","modified_gmt":"2026-01-27T10:02:07","slug":"camera-dei-membri-individuali","status":"publish","type":"page","link":"https:\/\/new.eftacim.org\/it\/","title":{"rendered":"Camera dei Membri Individuali"},"content":{"rendered":"\n<h2 class=\"wp-block-heading\">Il Messaggio della Presidente<\/h2>\n\n<div class=\"wp-block-columns is-layout-flex wp-container-core-columns-is-layout-9d6595d7 wp-block-columns-is-layout-flex\">\n<div class=\"wp-block-column is-layout-flow wp-block-column-is-layout-flow\" style=\"flex-basis:33.33%\"><div class=\"wp-block-image\">\n<figure class=\"aligncenter size-full\"><img loading=\"lazy\" decoding=\"async\" width=\"304\" height=\"360\" src=\"https:\/\/new.eftacim.org\/wp-content\/uploads\/nisse_m.png\" alt=\"\" class=\"wp-image-31\"\/><\/figure>\n<\/div><\/div>\n\n\n\n<div class=\"wp-block-column is-layout-flow wp-block-column-is-layout-flow\" style=\"flex-basis:66.66%\">\n<p>La vicepresidente di EFTA e la presidente di CIM, riunite in un&#8217;unica persona, vi porge i suoi migliori auguri per il 2026 e queste poche parole per inaugurare questo nuovo mandato. <\/p>\n\n\n\n<p>In CIM, la continuit\u00e0 ha prevalso!<\/p>\n\n\n\n<p>\u00c8 con uno spirito di apertura a nuove idee e all&#8217;incrocio delle scienze che l&#8217;ufficio di CIM e io stessa proseguiamo le missioni di CIM e di EFTA in generale. Con Maurizio Frisina (Belgio) tesoriere, Federico Ferrari (Italia) segretario, Iva Ursini (Italia), Marie-Jeanne Schon (Lussemburgo) e Myriam Cassen (Francia) che succede come vicepresidente a Viola Sallay (Ungheria), continuiamo a mettere in comune le nostre competenze, intrecciate a questa bella e ricca esperienza condivisa del precedente mandato. <\/p>\n\n\n\n<p>Le novit\u00e0?<\/p>\n\n\n\n<p>Come vicepresidente di EFTA, spero con il mio contributo di apportare un valore aggiunto all&#8217;esigente esercizio della presidenza della nostra ambiziosa associazione, assicurata in continuit\u00e0 da Umberta Telfener.<\/p>\n\n\n\n<p>Come presidente di CIM, continuo ad aprire il pi\u00f9 ampiamente possibile al pensiero sistemico \u2013 il nostro mondo ne ha bisogno \u2013 \u00e8 per questo che sono benvenute in CIM le candidature di coloro che, sebbene formati, non esercitano come terapeuti familiari, ma come praticanti sistemici, poich\u00e9 i campi di applicazione sono molto ampi.<\/p>\n\n\n\n<p>Il nostro nuovo sito \u00e8 online e stiamo costruendo il nuovo congresso CIM del 2027; il suo tema e le sue linee guida principali sono gi\u00e0 definiti, cos\u00ec come la sua possibile localizzazione. Ma \u00e8 ancora una sorpresa! <\/p>\n\n\n\n<p>A tutti voi, a presto!<\/p>\n\n\n\n<p>Martine NISSE<\/p>\n\n\n\n<figure class=\"wp-block-image size-large is-resized\"><img loading=\"lazy\" decoding=\"async\" width=\"1920\" height=\"1567\" src=\"https:\/\/new.eftacim.org\/wp-content\/uploads\/board_cim2022-3-2048x1671-1-1920x1567.jpg\" alt=\"\" class=\"wp-image-35\" style=\"aspect-ratio:1.5;object-fit:cover;width:350px;height:auto\" srcset=\"https:\/\/new.eftacim.org\/wp-content\/uploads\/board_cim2022-3-2048x1671-1-1920x1567.jpg 1920w, https:\/\/new.eftacim.org\/wp-content\/uploads\/board_cim2022-3-2048x1671-1-1024x836.jpg 1024w, https:\/\/new.eftacim.org\/wp-content\/uploads\/board_cim2022-3-2048x1671-1-768x627.jpg 768w, https:\/\/new.eftacim.org\/wp-content\/uploads\/board_cim2022-3-2048x1671-1-1536x1253.jpg 1536w, https:\/\/new.eftacim.org\/wp-content\/uploads\/board_cim2022-3-2048x1671-1.jpg 2048w\" sizes=\"auto, (max-width: 1920px) 100vw, 1920px\" \/><\/figure>\n<\/div>\n<\/div>\n\n<p><\/p>\n","protected":false},"excerpt":{"rendered":"<p>Il Messaggio della Presidente La vicepresidente di EFTA e la presidente di CIM, riunite in un&#8217;unica persona, vi porge i suoi migliori auguri per il 2026 e queste poche parole per inaugurare questo nuovo mandato. In CIM, la continuit\u00e0 ha prevalso! \u00c8 con uno spirito di apertura a nuove idee e all&#8217;incrocio delle scienze che [&hellip;]<\/p>\n","protected":false},"author":1,"featured_media":943,"parent":0,"menu_order":0,"comment_status":"closed","ping_status":"closed","template":"","meta":{"footnotes":""},"categories":[],"tags":[],"class_list":["post-944","page","type-page","status-publish","has-post-thumbnail","hentry"],"_links":{"self":[{"href":"https:\/\/new.eftacim.org\/it\/wp-json\/wp\/v2\/pages\/944","targetHints":{"allow":["GET"]}}],"collection":[{"href":"https:\/\/new.eftacim.org\/it\/wp-json\/wp\/v2\/pages"}],"about":[{"href":"https:\/\/new.eftacim.org\/it\/wp-json\/wp\/v2\/types\/page"}],"author":[{"embeddable":true,"href":"https:\/\/new.eftacim.org\/it\/wp-json\/wp\/v2\/users\/1"}],"replies":[{"embeddable":true,"href":"https:\/\/new.eftacim.org\/it\/wp-json\/wp\/v2\/comments?post=944"}],"version-history":[{"count":1,"href":"https:\/\/new.eftacim.org\/it\/wp-json\/wp\/v2\/pages\/944\/revisions"}],"predecessor-version":[{"id":946,"href":"https:\/\/new.eftacim.org\/it\/wp-json\/wp\/v2\/pages\/944\/revisions\/946"}],"wp:featuredmedia":[{"embeddable":true,"href":"https:\/\/new.eftacim.org\/it\/wp-json\/wp\/v2\/media\/943"}],"wp:attachment":[{"href":"https:\/\/new.eftacim.org\/it\/wp-json\/wp\/v2\/media?parent=944"}],"wp:term":[{"taxonomy":"category","embeddable":true,"href":"https:\/\/new.eftacim.org\/it\/wp-json\/wp\/v2\/categories?post=944"},{"taxonomy":"post_tag","embeddable":true,"href":"https:\/\/new.eftacim.org\/it\/wp-json\/wp\/v2\/tags?post=944"}],"curies":[{"name":"wp","href":"https:\/\/api.w.org\/{rel}","templated":true}]}}