{"id":950,"date":"2025-06-06T16:57:34","date_gmt":"2025-06-06T14:57:34","guid":{"rendered":"https:\/\/new.eftacim.org\/camara-de-miembros-individuales\/"},"modified":"2026-01-27T11:03:30","modified_gmt":"2026-01-27T10:03:30","slug":"camara-de-miembros-individuales","status":"publish","type":"page","link":"https:\/\/new.eftacim.org\/es\/","title":{"rendered":"C\u00e1mara de Miembros Individuales"},"content":{"rendered":"\n<h2 class=\"wp-block-heading\">El Mensaje de la Presidenta<\/h2>\n\n<div class=\"wp-block-columns is-layout-flex wp-container-core-columns-is-layout-9d6595d7 wp-block-columns-is-layout-flex\">\n<div class=\"wp-block-column is-layout-flow wp-block-column-is-layout-flow\" style=\"flex-basis:33.33%\"><div class=\"wp-block-image\">\n<figure class=\"aligncenter size-full\"><img loading=\"lazy\" decoding=\"async\" width=\"304\" height=\"360\" src=\"https:\/\/new.eftacim.org\/wp-content\/uploads\/nisse_m.png\" alt=\"\" class=\"wp-image-31\"\/><\/figure>\n<\/div><\/div>\n\n\n\n<div class=\"wp-block-column is-layout-flow wp-block-column-is-layout-flow\" style=\"flex-basis:66.66%\">\n<p>La vicepresidenta de EFTA y la presidenta de CIM, reunida en una misma persona, les ofrece sus mejores deseos para 2026 y estas palabras para abrir este nuevo mandato. <\/p>\n\n\n\n<p>\u00a1En CIM, la continuidad ha prevalecido!<\/p>\n\n\n\n<p>Con un esp\u00edritu de apertura a las ideas nuevas y al cruce de las ciencias, la oficina de CIM y yo misma proseguimos las misiones de CIM y de EFTA general. Con Maurizio Frisina (B\u00e9lgica) tesorero, Federico Ferrari (Italia) secretario, Iva Ursini (Italia), Marie-Jeanne Schon (Luxemburgo) y Myriam Cassen (Francia) que sucede como vicepresidenta a Viola Sallay (Hungr\u00eda), continuamos mutualizando nuestras competencias, enlazadas a esta bella y rica experiencia compartida del anterior ejercicio. <\/p>\n\n\n\n<p>\u00bfLas novedades?<\/p>\n\n\n\n<p>Como vicepresidenta de EFTA, espero, con mi contribuci\u00f3n, aportar un plus al exigente ejercicio de la presidencia de nuestra ambiciosa asociaci\u00f3n, asegurada en la continuidad por Umberta Telfener.<\/p>\n\n\n\n<p>Como presidenta de CIM, sigo abriendo lo m\u00e1s ampliamente posible al pensamiento sist\u00e9mico \u2013 nuestro mundo lo necesita \u2013 es la raz\u00f3n por la cual son bienvenidas en CIM las candidaturas de aquellos que, aunque formados, no ejercen como terapeutas familiares, sino como profesionales sist\u00e9micos, ya que los \u00e1mbitos de aplicaci\u00f3n son muy amplios.<\/p>\n\n\n\n<p>Nuestro nuevo sitio est\u00e1 en l\u00ednea y estamos construyendo el nuevo congreso CIM de 2027, su tema y sus l\u00edneas generales ya est\u00e1n definidas, as\u00ed como su posible localizaci\u00f3n. \u00a1Pero todav\u00eda es una sorpresa! <\/p>\n\n\n\n<p>\u00a1Les decimos, a todos, hasta pronto!<\/p>\n\n\n\n<p>Martine NISSE<\/p>\n\n\n\n<figure class=\"wp-block-image size-large is-resized\"><img loading=\"lazy\" decoding=\"async\" width=\"1920\" height=\"1567\" src=\"https:\/\/new.eftacim.org\/wp-content\/uploads\/board_cim2022-3-2048x1671-1-1920x1567.jpg\" alt=\"\" class=\"wp-image-35\" style=\"aspect-ratio:1.5;object-fit:cover;width:350px;height:auto\" srcset=\"https:\/\/new.eftacim.org\/wp-content\/uploads\/board_cim2022-3-2048x1671-1-1920x1567.jpg 1920w, https:\/\/new.eftacim.org\/wp-content\/uploads\/board_cim2022-3-2048x1671-1-1024x836.jpg 1024w, https:\/\/new.eftacim.org\/wp-content\/uploads\/board_cim2022-3-2048x1671-1-768x627.jpg 768w, https:\/\/new.eftacim.org\/wp-content\/uploads\/board_cim2022-3-2048x1671-1-1536x1253.jpg 1536w, https:\/\/new.eftacim.org\/wp-content\/uploads\/board_cim2022-3-2048x1671-1.jpg 2048w\" sizes=\"auto, (max-width: 1920px) 100vw, 1920px\" \/><\/figure>\n<\/div>\n<\/div>\n\n<p><\/p>\n","protected":false},"excerpt":{"rendered":"<p>El Mensaje de la Presidenta La vicepresidenta de EFTA y la presidenta de CIM, reunida en una misma persona, les ofrece sus mejores deseos para 2026 y estas palabras para abrir este nuevo mandato. \u00a1En CIM, la continuidad ha prevalecido! Con un esp\u00edritu de apertura a las ideas nuevas y al cruce de las ciencias, [&hellip;]<\/p>\n","protected":false},"author":1,"featured_media":949,"parent":0,"menu_order":0,"comment_status":"closed","ping_status":"closed","template":"","meta":{"footnotes":""},"categories":[],"tags":[],"class_list":["post-950","page","type-page","status-publish","has-post-thumbnail","hentry"],"_links":{"self":[{"href":"https:\/\/new.eftacim.org\/es\/wp-json\/wp\/v2\/pages\/950","targetHints":{"allow":["GET"]}}],"collection":[{"href":"https:\/\/new.eftacim.org\/es\/wp-json\/wp\/v2\/pages"}],"about":[{"href":"https:\/\/new.eftacim.org\/es\/wp-json\/wp\/v2\/types\/page"}],"author":[{"embeddable":true,"href":"https:\/\/new.eftacim.org\/es\/wp-json\/wp\/v2\/users\/1"}],"replies":[{"embeddable":true,"href":"https:\/\/new.eftacim.org\/es\/wp-json\/wp\/v2\/comments?post=950"}],"version-history":[{"count":1,"href":"https:\/\/new.eftacim.org\/es\/wp-json\/wp\/v2\/pages\/950\/revisions"}],"predecessor-version":[{"id":952,"href":"https:\/\/new.eftacim.org\/es\/wp-json\/wp\/v2\/pages\/950\/revisions\/952"}],"wp:featuredmedia":[{"embeddable":true,"href":"https:\/\/new.eftacim.org\/es\/wp-json\/wp\/v2\/media\/949"}],"wp:attachment":[{"href":"https:\/\/new.eftacim.org\/es\/wp-json\/wp\/v2\/media?parent=950"}],"wp:term":[{"taxonomy":"category","embeddable":true,"href":"https:\/\/new.eftacim.org\/es\/wp-json\/wp\/v2\/categories?post=950"},{"taxonomy":"post_tag","embeddable":true,"href":"https:\/\/new.eftacim.org\/es\/wp-json\/wp\/v2\/tags?post=950"}],"curies":[{"name":"wp","href":"https:\/\/api.w.org\/{rel}","templated":true}]}}