{"id":222,"date":"2025-10-08T12:37:50","date_gmt":"2025-10-08T10:37:50","guid":{"rendered":"https:\/\/new.eftacim.org\/historia-y-proposito\/"},"modified":"2025-10-27T15:35:04","modified_gmt":"2025-10-27T14:35:04","slug":"historia-y-proposito","status":"publish","type":"page","link":"https:\/\/new.eftacim.org\/es\/historia-y-proposito\/","title":{"rendered":"Misi\u00f3n"},"content":{"rendered":"\n<h2 class=\"wp-block-heading has-text-align-center\">Misi\u00f3n<\/h2>\n\n\n\n<div class=\"wp-block-columns is-layout-flex wp-container-core-columns-is-layout-9d6595d7 wp-block-columns-is-layout-flex\">\n<div class=\"wp-block-column is-layout-flow wp-block-column-is-layout-flow\">\n<h3 class=\"wp-block-heading\">Un poco de historia<\/h3>\n\n\n\n<p>La Asociaci\u00f3n Europea de Terapia Familiar es una asociaci\u00f3n internacional sin \u00e1nimo de lucro (AISBL) creada en 1990 por iniciativa de la Red Europea de Terapia Familiar. Esta red, formalmente establecida en 1986, creci\u00f3 a trav\u00e9s de encuentros informales que se celebraban durante importantes conferencias desde 1983.  <\/p>\n\n\n\n<p>Desde 1990 hasta 2001, la asociaci\u00f3n estuvo compuesta exclusivamente por terapeutas familiares cualificados con pr\u00e1ctica cl\u00ednica en terapia familiar sist\u00e9mica en Europa e Israel.<\/p>\n\n\n\n<p>Desde 2001, la EFTA ha implementado una nueva estructura compuesta por 3 \u00abc\u00e1maras\u00bb (<em>C\u00e1mara de Miembros Individuales, C\u00e1mara de Asociaciones Nacionales, C\u00e1mara de Institutos de Formaci\u00f3n<\/em>) abriendo as\u00ed un espacio tanto para las asociaciones nacionales como para las escuelas de formaci\u00f3n.<\/p>\n\n\n\n<p>Cada 3 a\u00f1os, la EFTA organiza un congreso internacional. <em>Ya se han celebrado doce congresos en diferentes pa\u00edses europeos: Sorrento 1991, Atenas 1994, Barcelona 1998, Budapest 2001, Berl\u00edn 2004, Glasgow 2007, Par\u00eds 2010, Estambul 2013, Atenas 2016, N\u00e1poles 2019, Liubliana 2022, Lyon 2025.<\/em><\/p>\n\n\n\n<h3 class=\"wp-block-heading\">Hoy en d\u00eda&#8230;<\/h3>\n\n\n\n<p>La C\u00e1mara de Miembros Individuales de la EFTA (EFTA CIM) cuenta con aproximadamente 900 miembros individuales (en 29 pa\u00edses de Europa y algunos pa\u00edses extraeuropeos).<\/p>\n<\/div>\n\n\n\n<div class=\"wp-block-column is-layout-flow wp-block-column-is-layout-flow\">\n<h3 class=\"wp-block-heading\">Objetivo de la EFTA<\/h3>\n\n\n\n<p>La asociaci\u00f3n tiene como objetivo:<\/p>\n\n\n\n<ul class=\"wp-block-list\">\n<li>conectar y coordinar las asociaciones nacionales europeas, los institutos y las personas f\u00edsicas en el campo del enfoque sist\u00e9mico y la terapia familiar;<\/li>\n\n\n\n<li>promover el m\u00e1s alto nivel de competencia y calidad en la pr\u00e1ctica, la investigaci\u00f3n, la supervisi\u00f3n y la ense\u00f1anza de la terapia familiar y \u00e1reas relacionadas;<\/li>\n\n\n\n<li>facilitar la cooperaci\u00f3n europea y el intercambio de ideas y experiencias entre asociaciones, instituciones y personas f\u00edsicas interesadas en los aspectos m\u00e9dicos, legales, sociales, psicol\u00f3gicos, de g\u00e9nero, culturales y econ\u00f3micos, as\u00ed como otros aspectos de las experiencias humanas en relaci\u00f3n con el pensamiento y la pr\u00e1ctica sist\u00e9mica;<\/li>\n\n\n\n<li>difundir por Europa la informaci\u00f3n relativa a la terapia familiar y el enfoque sist\u00e9mico a individuos, instituciones y organizaciones interesadas en la salud y el desarrollo de las familias y los sistemas humanos;<\/li>\n\n\n\n<li>promover la investigaci\u00f3n, las conferencias, las publicaciones, los materiales audiovisuales y otros materiales cient\u00edficos en este campo a trav\u00e9s de reuniones y cualquier otro m\u00e9todo de comunicaci\u00f3n apropiado;<\/li>\n\n\n\n<li>mejorar la formaci\u00f3n de los profesionales del campo sist\u00e9mico y de los terapeutas familiares a nivel regional, nacional y europeo, favoreciendo los intercambios entre individuos y centros profesionales;<\/li>\n\n\n\n<li>crear v\u00ednculos con otras organizaciones que persigan objetivos comunes o compatibles con los de la asociaci\u00f3n, tanto dentro como fuera de Europa.<\/li>\n<\/ul>\n<\/div>\n<\/div>\n\n\n\n<h2 class=\"wp-block-heading\"><\/h2>\n","protected":false},"excerpt":{"rendered":"<p>Misi\u00f3n Un poco de historia La Asociaci\u00f3n Europea de Terapia Familiar es una asociaci\u00f3n internacional sin \u00e1nimo de lucro (AISBL) creada en 1990 por iniciativa de la Red Europea de Terapia Familiar. Esta red, formalmente establecida en 1986, creci\u00f3 a trav\u00e9s de encuentros informales que se celebraban durante importantes conferencias desde 1983. Desde 1990 hasta [&hellip;]<\/p>\n","protected":false},"author":2,"featured_media":0,"parent":0,"menu_order":0,"comment_status":"closed","ping_status":"closed","template":"","meta":{"footnotes":""},"categories":[],"tags":[],"class_list":["post-222","page","type-page","status-publish","hentry"],"_links":{"self":[{"href":"https:\/\/new.eftacim.org\/es\/wp-json\/wp\/v2\/pages\/222","targetHints":{"allow":["GET"]}}],"collection":[{"href":"https:\/\/new.eftacim.org\/es\/wp-json\/wp\/v2\/pages"}],"about":[{"href":"https:\/\/new.eftacim.org\/es\/wp-json\/wp\/v2\/types\/page"}],"author":[{"embeddable":true,"href":"https:\/\/new.eftacim.org\/es\/wp-json\/wp\/v2\/users\/2"}],"replies":[{"embeddable":true,"href":"https:\/\/new.eftacim.org\/es\/wp-json\/wp\/v2\/comments?post=222"}],"version-history":[{"count":6,"href":"https:\/\/new.eftacim.org\/es\/wp-json\/wp\/v2\/pages\/222\/revisions"}],"predecessor-version":[{"id":556,"href":"https:\/\/new.eftacim.org\/es\/wp-json\/wp\/v2\/pages\/222\/revisions\/556"}],"wp:attachment":[{"href":"https:\/\/new.eftacim.org\/es\/wp-json\/wp\/v2\/media?parent=222"}],"wp:term":[{"taxonomy":"category","embeddable":true,"href":"https:\/\/new.eftacim.org\/es\/wp-json\/wp\/v2\/categories?post=222"},{"taxonomy":"post_tag","embeddable":true,"href":"https:\/\/new.eftacim.org\/es\/wp-json\/wp\/v2\/tags?post=222"}],"curies":[{"name":"wp","href":"https:\/\/api.w.org\/{rel}","templated":true}]}}