{"id":183,"date":"2025-10-01T13:00:45","date_gmt":"2025-10-01T11:00:45","guid":{"rendered":"https:\/\/new.eftacim.org\/?page_id=183"},"modified":"2025-12-16T12:50:52","modified_gmt":"2025-12-16T11:50:52","slug":"hacerse-miembro","status":"publish","type":"page","link":"https:\/\/new.eftacim.org\/es\/hacerse-miembro\/","title":{"rendered":"Hacerse miembro"},"content":{"rendered":"\n<figure class=\"wp-block-image size-full\"><img decoding=\"async\" src=\"https:\/\/new.eftacim.org\/wp-content\/uploads\/public_lyon4.jpeg\" alt=\"\" class=\"wp-image-859\"\/><\/figure>\n\n\n\n<h2 class=\"wp-block-heading has-text-align-center\">Hacerse miembro<\/h2>\n\n\n\n<h3 class=\"wp-block-heading\">\u00bfQui\u00e9n puede ser miembro?<\/h3>\n\n\n\n<p><strong>Todos los miembros<\/strong> del EFTA CIM tienen una amplia formaci\u00f3n en terapia familiar sist\u00e9mica, que utilizan activamente en su profesi\u00f3n.<\/p>\n\n\n\n<p>En el momento de la inscripci\u00f3n, <strong>los miembros deben estar en activo profesionalmente<\/strong>, por lo que les pedimos que adjunten a su solicitud (v\u00e9ase m\u00e1s abajo) una carta de recomendaci\u00f3n de un colega o superior que d\u00e9 fe del trabajo sist\u00e9mico del profesional.<\/p>\n\n\n\n<p>No obstante, <strong>en funci\u00f3n del tipo de trabajo<\/strong> que realicen en el que utilicen competencias sist\u00e9micas, la EFTA CIM reconoce <strong>dos perfiles distintos:<\/strong><\/p>\n\n\n\n<p><strong>1.<\/strong> <strong>Terapeuta familiar<\/strong>: miembros que realizan principalmente trabajo cl\u00ednico con parejas y familias.<br><strong>2.<\/strong> <strong>Profesional sist\u00e9mico<\/strong>: miembros que realizan principalmente trabajo de consultor\u00eda organizativa o de otro tipo basado en el an\u00e1lisis sist\u00e9mico de contextos y relaciones.<\/p>\n\n\n\n<h3 class=\"wp-block-heading\">Criterios espec\u00edficos de admisi\u00f3n<\/h3>\n\n\n\n<p>Exigimos a los candidatos a la afiliaci\u00f3n a EFTA CIM :<\/p>\n\n\n\n<p>\u2666 Haber completado una formaci\u00f3n <strong>de 4 a\u00f1os que comprenda un m\u00ednimo de 700 horas de formaci\u00f3n<\/strong> repartidas de la siguiente manera y <strong>certificadas por el\/los centro(s) de formaci\u00f3n<\/strong><\/p>\n\n\n\n<p>\u25ca <strong>450 horas de formaci\u00f3n cl\u00ednica<\/strong> (teor\u00eda sist\u00e9mica, teor\u00eda cl\u00ednica, ejercicios, juegos de rol; trabajo personal del terapeuta; pr\u00e1ctica cl\u00ednica in vivo supervisada) ;<br>\u25ca <strong>250 horas de pr\u00e1ctica cl\u00ednica independiente<\/strong> en un contexto profesional o de pr\u00e1cticas.<\/p>\n\n\n\n<p>\u2666 Ser profesionalmente activo en el contexto cl\u00ednico o de asesoramiento y presentar <strong>una carta de recomendaci\u00f3n<\/strong> que lo acredite. Esta carta debe:<\/p>\n\n\n\n<ul class=\"wp-block-list\">\n<li>estar escrita por un colega o superior que no sea formador del candidato;<\/li>\n\n\n\n<li>describir la relaci\u00f3n y la funcion del autor en relaci\u00f3n con el candidato;<\/li>\n\n\n\n<li>describir las tareas para las que ha podido evaluar la profesionalidad del candidato;<\/li>\n\n\n\n<li>indicar que el trabajo realizado por el candidato est\u00e1 relacionado con la familia sist\u00e9mica.<\/li>\n<\/ul>\n\n\n\n<h3 class=\"wp-block-heading\">Ventajas de ser miembro :<\/h3>\n\n\n\n<ul class=\"wp-block-list\">\n<li><strong>Formaci\u00f3n continua<\/strong> : eventos profesionales de alto nivel<\/li>\n\n\n\n<li><strong>Espacio de colaboraci\u00f3n<\/strong> : una red internacional de profesionales para establecer contactos;<\/li>\n\n\n\n<li><strong>Visibilidad en l\u00ednea<\/strong> : sus datos se publican y pueden consultarse en la base de datos de miembros de la EFTA-CIM, accesible en el sitio web de la EFTA;<\/li>\n\n\n\n<li><strong>Beneficios econ\u00f3micos<\/strong> :\n<ul class=\"wp-block-list\">\n<li>Cuotas de inscripci\u00f3n reducidas en las conferencias internacionales de la EFTA;<\/li>\n\n\n\n<li>33% de descuento en todos los libros publicados por Springer;<\/li>\n<\/ul>\n<\/li>\n\n\n\n<li><strong>Actualizaciones<\/strong> :\n<ul class=\"wp-block-list\">\n<li>env\u00edo peri\u00f3dico de un bolet\u00edn informativo ;<\/li>\n\n\n\n<li>informaci\u00f3n sobre el Certificado Europeo en Psicoterapia (ECP), para el que la EFTA es el contacto preferente para los terapeutas familiares.<\/li>\n<\/ul>\n<\/li>\n<\/ul>\n\n\n\n<h3 class=\"wp-block-heading\">\u00bfC\u00f3mo adherirse a la EFTA ?<\/h3>\n\n\n\n<p>1. <strong>Decida<\/strong> si desea incorporarse a la EFTA como terapeuta familiar o como profesional sist\u00e9mico;<\/p>\n\n\n\n<p>2. <strong>Descargue<\/strong> el formulario correspondiente, que incluye la carta de solicitud de afiliaci\u00f3n, la hoja informativa y los datos de pago.<\/p>\n\n\n\n<p>3. <strong>Cumplimente<\/strong> el formulario en sus diferentes apartados;<\/p>\n\n\n\n<p>4.<strong> Re\u00fana<\/strong> los certificados necesarios indicados en cada secci\u00f3n:<\/p>\n\n\n\n<p>a) <strong>aseg\u00farese<\/strong> de que el certificado que adjunta menciona claramente la informaci\u00f3n requerida (n\u00famero de horas de formaci\u00f3n cl\u00ednica, n\u00famero de horas de pr\u00e1ctica independiente, etc.) Si uno o varios certificados no mencionan directamente esta informaci\u00f3n, puede completarlos con documentos del instituto en los que se describa el programa de formaci\u00f3n correspondiente a su certificado.<\/p>\n\n\n\n<p>b) <strong>procure<\/strong> indicar en cada parte del formulario el nombre del expediente con la documentaci\u00f3n correspondiente, de modo que pueda comprobar f\u00e1cilmente que se cumplen los criterios;<\/p>\n\n\n\n<p>5. <strong>Adjuntar<\/strong> un curr\u00edculum v\u00edtae detallado.<\/p>\n\n\n\n<p>6. <strong>Adjunte el resguardo del pago<\/strong> de la tasa administrativa de 38 euros (Esta cuota s\u00f3lo se paga una vez. Una vez aprobada tu solicitud y admitido como afiliado, pagar\u00e1s la cuota anual).<\/p>\n\n\n\n<p>7. <strong>Env\u00edelo<\/strong> por correo electr\u00f3nico a la siguiente direcci\u00f3n: <a href=\"mailto:secretariat@eftacim.org\">secretariat@eftacim.org<\/a><\/p>\n\n\n\n<p>8. <strong>Espere<\/strong> hasta que la solicitud completa se haya presentado al Comit\u00e9 de Acreditaci\u00f3n, que se re\u00fane al menos dos veces al a\u00f1o (m\u00e1s a menudo si es necesario). Este comit\u00e9 examina la solicitud y toma una decisi\u00f3n.<\/p>\n\n\n\n<p>9. <strong>Cuando su solicitud sea aceptada<\/strong>, pagar\u00e1 la cuota anual de 80 euros (en 2025) y se convertir\u00e1 en miembro de pleno derecho de EFTA-CIM.<\/p>\n\n\n\n<p>10. <strong>Dado que la afiliaci\u00f3n a la asociaci\u00f3n se confirma cada a\u00f1o<\/strong>, la cuota de afiliaci\u00f3n tambi\u00e9n debe abonarse anualmente. Tras la renuncia, se presentar\u00e1 una nueva solicitud presentando un nuevo expediente.<\/p>\n\n\n\n<h3 class=\"wp-block-heading\">Descargue su formulario de solicitud<\/h3>\n\n\n\n<p><a href=\"https:\/\/eftacim.org\/wp-content\/uploads\/2025\/04\/Solicitud_terapeuta-familiar_ESP95.pdf\" target=\"_blank\" rel=\"noreferrer noopener\">Solicitud&nbsp; inscripci\u00f3n TERAPEUTA FAMILIAR<\/a><\/p>\n\n\n\n<p><a href=\"https:\/\/eftacim.org\/wp-content\/uploads\/2025\/04\/Solicitud_actor_sistemico_ESP25.pdf\" target=\"_blank\" rel=\"noreferrer noopener\">Solicitud&nbsp; inscripci\u00f3n PROFESIONAL SISTEMICO<\/a><\/p>\n","protected":false},"excerpt":{"rendered":"<p>Hacerse miembro \u00bfQui\u00e9n puede ser miembro? Todos los miembros del EFTA CIM tienen una amplia formaci\u00f3n en terapia familiar sist\u00e9mica, que utilizan activamente en su profesi\u00f3n. En el momento de la inscripci\u00f3n, los miembros deben estar en activo profesionalmente, por lo que les pedimos que adjunten a su solicitud (v\u00e9ase m\u00e1s abajo) una carta de [&hellip;]<\/p>\n","protected":false},"author":2,"featured_media":0,"parent":0,"menu_order":0,"comment_status":"closed","ping_status":"closed","template":"","meta":{"footnotes":""},"categories":[],"tags":[],"class_list":["post-183","page","type-page","status-publish","hentry"],"_links":{"self":[{"href":"https:\/\/new.eftacim.org\/es\/wp-json\/wp\/v2\/pages\/183","targetHints":{"allow":["GET"]}}],"collection":[{"href":"https:\/\/new.eftacim.org\/es\/wp-json\/wp\/v2\/pages"}],"about":[{"href":"https:\/\/new.eftacim.org\/es\/wp-json\/wp\/v2\/types\/page"}],"author":[{"embeddable":true,"href":"https:\/\/new.eftacim.org\/es\/wp-json\/wp\/v2\/users\/2"}],"replies":[{"embeddable":true,"href":"https:\/\/new.eftacim.org\/es\/wp-json\/wp\/v2\/comments?post=183"}],"version-history":[{"count":4,"href":"https:\/\/new.eftacim.org\/es\/wp-json\/wp\/v2\/pages\/183\/revisions"}],"predecessor-version":[{"id":870,"href":"https:\/\/new.eftacim.org\/es\/wp-json\/wp\/v2\/pages\/183\/revisions\/870"}],"wp:attachment":[{"href":"https:\/\/new.eftacim.org\/es\/wp-json\/wp\/v2\/media?parent=183"}],"wp:term":[{"taxonomy":"category","embeddable":true,"href":"https:\/\/new.eftacim.org\/es\/wp-json\/wp\/v2\/categories?post=183"},{"taxonomy":"post_tag","embeddable":true,"href":"https:\/\/new.eftacim.org\/es\/wp-json\/wp\/v2\/tags?post=183"}],"curies":[{"name":"wp","href":"https:\/\/api.w.org\/{rel}","templated":true}]}}