{"id":938,"date":"2025-06-06T16:57:34","date_gmt":"2025-06-06T14:57:34","guid":{"rendered":"https:\/\/new.eftacim.org\/kammer-der-einzelmitglieder\/"},"modified":"2026-01-27T11:01:18","modified_gmt":"2026-01-27T10:01:18","slug":"kammer-der-einzelmitglieder","status":"publish","type":"page","link":"https:\/\/new.eftacim.org\/de\/","title":{"rendered":"Kammer der Einzelmitglieder"},"content":{"rendered":"\n<h2 class=\"wp-block-heading\">Das Wort der Pr\u00e4sidentin<\/h2>\n\n<div class=\"wp-block-columns is-layout-flex wp-container-core-columns-is-layout-9d6595d7 wp-block-columns-is-layout-flex\">\n<div class=\"wp-block-column is-layout-flow wp-block-column-is-layout-flow\" style=\"flex-basis:33.33%\"><div class=\"wp-block-image\">\n<figure class=\"aligncenter size-full\"><img loading=\"lazy\" decoding=\"async\" width=\"304\" height=\"360\" src=\"https:\/\/new.eftacim.org\/wp-content\/uploads\/nisse_m.png\" alt=\"\" class=\"wp-image-31\"\/><\/figure>\n<\/div><\/div>\n\n\n\n<div class=\"wp-block-column is-layout-flow wp-block-column-is-layout-flow\" style=\"flex-basis:66.66%\">\n<p>Die Vizepr\u00e4sidentin der EFTA und die Pr\u00e4sidentin der CIM, in Personalunion, \u00fcbermittelt Ihnen ihre besten W\u00fcnsche f\u00fcr 2026 und diese Worte zur Er\u00f6ffnung dieses neuen Mandats. <\/p>\n\n\n\n<p>Bei der CIM hat sich die Kontinuit\u00e4t durchgesetzt!<\/p>\n\n\n\n<p>Mit einem Geist der Offenheit f\u00fcr neue Ideen und der interdisziplin\u00e4ren Zusammenarbeit setzen der Vorstand der CIM und ich die Aufgaben der CIM und der gesamten EFTA fort. Mit Maurizio Frisina (Belgien) als Schatzmeister, Federico Ferrari (Italien) als Sekret\u00e4r, Iva Ursini (Italien), Marie-Jeanne Schon (Luxemburg) und Myriam Cassen (Frankreich), die Viola Sallay (Ungarn) als Vizepr\u00e4sidentin nachfolgt, b\u00fcndeln wir weiterhin unsere Kompetenzen, verkn\u00fcpft mit der wertvollen und reichen gemeinsamen Erfahrung aus der vorherigen Amtsperiode. <\/p>\n\n\n\n<p>Was gibt es Neues?<\/p>\n\n\n\n<p>Als Vizepr\u00e4sidentin der EFTA hoffe ich, durch meinen Beitrag einen Mehrwert f\u00fcr die anspruchsvolle Aus\u00fcbung der Pr\u00e4sidentschaft unserer ambitionierten Vereinigung zu leisten, die in Kontinuit\u00e4t von Umberta Telfener wahrgenommen wird.<\/p>\n\n\n\n<p>Als Pr\u00e4sidentin der CIM \u00f6ffne ich mich weiterhin so weit wie m\u00f6glich der systemischen Denkweise \u2013 unsere Welt braucht sie \u2013 deshalb sind bei der CIM Bewerbungen von jenen willkommen, die, obwohl ausgebildet, nicht als Familientherapeuten, sondern als systemische Praktiker t\u00e4tig sind, da die Anwendungsbereiche sehr breit sind.<\/p>\n\n\n\n<p>Unsere neue Website ist online, und wir sind dabei, den neuen CIM-Kongress 2027 zu gestalten; sein Thema und seine Eckpunkte sind bereits festgelegt, ebenso wie sein m\u00f6glicher Standort. Aber es ist noch eine \u00dcberraschung! <\/p>\n\n\n\n<p>Wir sagen Ihnen allen: Auf bald!<\/p>\n\n\n\n<p>Martine NISSE<\/p>\n\n\n\n<figure class=\"wp-block-image size-large is-resized\"><img loading=\"lazy\" decoding=\"async\" width=\"1920\" height=\"1567\" src=\"https:\/\/new.eftacim.org\/wp-content\/uploads\/board_cim2022-3-2048x1671-1-1920x1567.jpg\" alt=\"\" class=\"wp-image-35\" style=\"aspect-ratio:1.5;object-fit:cover;width:350px;height:auto\" srcset=\"https:\/\/new.eftacim.org\/wp-content\/uploads\/board_cim2022-3-2048x1671-1-1920x1567.jpg 1920w, https:\/\/new.eftacim.org\/wp-content\/uploads\/board_cim2022-3-2048x1671-1-1024x836.jpg 1024w, https:\/\/new.eftacim.org\/wp-content\/uploads\/board_cim2022-3-2048x1671-1-768x627.jpg 768w, https:\/\/new.eftacim.org\/wp-content\/uploads\/board_cim2022-3-2048x1671-1-1536x1253.jpg 1536w, https:\/\/new.eftacim.org\/wp-content\/uploads\/board_cim2022-3-2048x1671-1.jpg 2048w\" sizes=\"auto, (max-width: 1920px) 100vw, 1920px\" \/><\/figure>\n<\/div>\n<\/div>\n\n<p><\/p>\n","protected":false},"excerpt":{"rendered":"<p>Das Wort der Pr\u00e4sidentin Die Vizepr\u00e4sidentin der EFTA und die Pr\u00e4sidentin der CIM, in Personalunion, \u00fcbermittelt Ihnen ihre besten W\u00fcnsche f\u00fcr 2026 und diese Worte zur Er\u00f6ffnung dieses neuen Mandats. Bei der CIM hat sich die Kontinuit\u00e4t durchgesetzt! Mit einem Geist der Offenheit f\u00fcr neue Ideen und der interdisziplin\u00e4ren Zusammenarbeit setzen der Vorstand der CIM [&hellip;]<\/p>\n","protected":false},"author":1,"featured_media":937,"parent":0,"menu_order":0,"comment_status":"closed","ping_status":"closed","template":"","meta":{"footnotes":""},"categories":[],"tags":[],"class_list":["post-938","page","type-page","status-publish","has-post-thumbnail","hentry"],"_links":{"self":[{"href":"https:\/\/new.eftacim.org\/de\/wp-json\/wp\/v2\/pages\/938","targetHints":{"allow":["GET"]}}],"collection":[{"href":"https:\/\/new.eftacim.org\/de\/wp-json\/wp\/v2\/pages"}],"about":[{"href":"https:\/\/new.eftacim.org\/de\/wp-json\/wp\/v2\/types\/page"}],"author":[{"embeddable":true,"href":"https:\/\/new.eftacim.org\/de\/wp-json\/wp\/v2\/users\/1"}],"replies":[{"embeddable":true,"href":"https:\/\/new.eftacim.org\/de\/wp-json\/wp\/v2\/comments?post=938"}],"version-history":[{"count":1,"href":"https:\/\/new.eftacim.org\/de\/wp-json\/wp\/v2\/pages\/938\/revisions"}],"predecessor-version":[{"id":940,"href":"https:\/\/new.eftacim.org\/de\/wp-json\/wp\/v2\/pages\/938\/revisions\/940"}],"wp:featuredmedia":[{"embeddable":true,"href":"https:\/\/new.eftacim.org\/de\/wp-json\/wp\/v2\/media\/937"}],"wp:attachment":[{"href":"https:\/\/new.eftacim.org\/de\/wp-json\/wp\/v2\/media?parent=938"}],"wp:term":[{"taxonomy":"category","embeddable":true,"href":"https:\/\/new.eftacim.org\/de\/wp-json\/wp\/v2\/categories?post=938"},{"taxonomy":"post_tag","embeddable":true,"href":"https:\/\/new.eftacim.org\/de\/wp-json\/wp\/v2\/tags?post=938"}],"curies":[{"name":"wp","href":"https:\/\/api.w.org\/{rel}","templated":true}]}}