{"id":235,"date":"2025-10-08T12:37:50","date_gmt":"2025-10-08T10:37:50","guid":{"rendered":"https:\/\/new.eftacim.org\/?page_id=235"},"modified":"2025-10-27T15:58:29","modified_gmt":"2025-10-27T14:58:29","slug":"geschichte-und-zweck","status":"publish","type":"page","link":"https:\/\/new.eftacim.org\/de\/geschichte-und-zweck\/","title":{"rendered":"Leitbilt"},"content":{"rendered":"\n<h2 class=\"wp-block-heading has-text-align-center\">Leitbilt<\/h2>\n\n\n\n<div class=\"wp-block-columns is-layout-flex wp-container-core-columns-is-layout-9d6595d7 wp-block-columns-is-layout-flex\">\n<div class=\"wp-block-column is-layout-flow wp-block-column-is-layout-flow\">\n<h3 class=\"wp-block-heading\">Unsere Geschichte&#8230;<\/h3>\n\n\n\n<p>\u2026 begann im Jahre 1990 mit der Gr\u00fcndung der European Family Therapy Association (EFTA) auf Initiative des European Family Therapy Network. Dieses im Jahre 1986 offiziell gegr\u00fcndete Netzwerk hatte sich bereits seit 1983 in Form von informellen Treffen im Rahmen bedeutender Fachkonferenzen entwickelt.<\/p>\n\n\n\n<p>Zwischen 1990 und 2001 waren ausschlie\u00dflich qualifizierte und erfahrene Familientherapeuten aus Europa und Israel Mitglieder.<\/p>\n\n\n\n<p>Im Jahre 2001 gab sich die EFTA eine neue Struktur. Sie setzt sich seither aus drei \u201eKammern\u201c zusammen: Aus der Kammer der Einzelmitglieder (Chamber of Individual Members \u2013 CIM), der Kammer der nationalen Verb\u00e4nde (Chamber of National Associations \u2013 NFTO) und der Kammer der Ausbildungsinstitute (Chamber of Training Institutes \u2013 TIC). So haben auch nationale Verb\u00e4nde f\u00fcr Familientherapie die M\u00f6glichkeit, ihre speziellen Interessen zu vertreten.<\/p>\n\n\n\n<p>Alle drei Jahre veranstaltet der Verband eine internationale Konferenz zur Familientherapie. <em>Bisher haben zw\u00f6lf Konferenzen in verschiedenen europ\u00e4ischen Zentren stattgefunden: 1991 in Sorrento, 1994 in Athen, 1997 in Barcelona, 2001 in Budapest, 2004 in Berlin, 2007 in Glasgow, 2010 in Paris,&nbsp; 2013 in Istanbul, 2016 in Athens, 2019 in Naples, 2022 in Ljubljana, 2025 in Lyon.<\/em><\/p>\n\n\n\n<h3 class=\"wp-block-heading\">Heute&#8230;<\/h3>\n\n\n\n<p>\u2026 hat EFTA-CIM ca. 900 Mitglieder (aus 29 europ\u00e4ischen L\u00e4ndern und einigen L\u00e4ndern au\u00dferhalb Europas)<\/p>\n<\/div>\n\n\n\n<div class=\"wp-block-column is-layout-flow wp-block-column-is-layout-flow\">\n<h3 class=\"wp-block-heading\">Der Verein hat folgenden Zweck :<\/h3>\n\n\n\n<ul class=\"wp-block-list\">\n<li>Vernetzung und Koordinierung von nationalen Verb\u00e4nden, Ausbildungsinstituten und Einzelakteuren im Bereich der systemischen Therapie und Familientherapie;<\/li>\n\n\n\n<li>F\u00f6rderung eines hohen Kompetenz- und Qualit\u00e4tsniveaus in der familientherapeutischen Praxis, Forschung, Supervision und Ausbildung und in verbundenen Feldern;<\/li>\n\n\n\n<li>Bessere M\u00f6glichkeiten f\u00fcr Zusammenarbeit, Erfahrungs- und Ideenaustausch auf europ\u00e4ischer Ebene, d.h. zwischen den verschiedenen Verb\u00e4nden, Einrichtungen und Einzelakteuren, die sich mit medizinischen, rechtlichen, sozialen, psychologischen, genderbezogenen, ethnischen, kulturellen und Wirtschaftsthemen im Zusammenhang mit menschlicher Erfahrung und in Verbindung mit systemischem Denken und systemischer Praxis befassen;<\/li>\n\n\n\n<li>Europaweite Weitergabe von Informationen \u00fcber Familientherapie und systemische Ans\u00e4tze an einzelne Interessierte, Einrichtungen und Organisationen, welche im Gesundheitsbereich oder in der Entwicklung famili\u00e4rer und menschlicher Systeme t\u00e4tig sind;<\/li>\n\n\n\n<li>F\u00f6rderung und Verbesserung von Forschung, Konferenzen, Publikationen, audiovisuellem Material und weiterer wissenschaftlicher Information in diesem Bereich durch gemeinsame Treffen oder andere geeignete Kommunikationswege;<\/li>\n\n\n\n<li>Verbesserung der Berufsausbildung in der systemischen Therapie und Familientherapie auf regionaler, nationaler und europ\u00e4ischer Ebene, sowie die Schaffung besserer Austauschm\u00f6glichkeiten zwischen Einzelpersonen und Zentren;<\/li>\n\n\n\n<li>Schaffung von Verbindungen zu anderen Organisationen mit vergleichbaren Zielen sowohl in als auch au\u00dferhalb Europas.<\/li>\n<\/ul>\n<\/div>\n<\/div>\n\n\n\n<h3 class=\"wp-block-heading\"><\/h3>\n","protected":false},"excerpt":{"rendered":"<p>Leitbilt Unsere Geschichte&#8230; \u2026 begann im Jahre 1990 mit der Gr\u00fcndung der European Family Therapy Association (EFTA) auf Initiative des European Family Therapy Network. Dieses im Jahre 1986 offiziell gegr\u00fcndete Netzwerk hatte sich bereits seit 1983 in Form von informellen Treffen im Rahmen bedeutender Fachkonferenzen entwickelt. Zwischen 1990 und 2001 waren ausschlie\u00dflich qualifizierte und erfahrene [&hellip;]<\/p>\n","protected":false},"author":2,"featured_media":0,"parent":0,"menu_order":0,"comment_status":"closed","ping_status":"closed","template":"","meta":{"footnotes":""},"categories":[],"tags":[],"class_list":["post-235","page","type-page","status-publish","hentry"],"_links":{"self":[{"href":"https:\/\/new.eftacim.org\/de\/wp-json\/wp\/v2\/pages\/235","targetHints":{"allow":["GET"]}}],"collection":[{"href":"https:\/\/new.eftacim.org\/de\/wp-json\/wp\/v2\/pages"}],"about":[{"href":"https:\/\/new.eftacim.org\/de\/wp-json\/wp\/v2\/types\/page"}],"author":[{"embeddable":true,"href":"https:\/\/new.eftacim.org\/de\/wp-json\/wp\/v2\/users\/2"}],"replies":[{"embeddable":true,"href":"https:\/\/new.eftacim.org\/de\/wp-json\/wp\/v2\/comments?post=235"}],"version-history":[{"count":4,"href":"https:\/\/new.eftacim.org\/de\/wp-json\/wp\/v2\/pages\/235\/revisions"}],"predecessor-version":[{"id":563,"href":"https:\/\/new.eftacim.org\/de\/wp-json\/wp\/v2\/pages\/235\/revisions\/563"}],"wp:attachment":[{"href":"https:\/\/new.eftacim.org\/de\/wp-json\/wp\/v2\/media?parent=235"}],"wp:term":[{"taxonomy":"category","embeddable":true,"href":"https:\/\/new.eftacim.org\/de\/wp-json\/wp\/v2\/categories?post=235"},{"taxonomy":"post_tag","embeddable":true,"href":"https:\/\/new.eftacim.org\/de\/wp-json\/wp\/v2\/tags?post=235"}],"curies":[{"name":"wp","href":"https:\/\/api.w.org\/{rel}","templated":true}]}}