{"id":185,"date":"2025-10-01T13:00:45","date_gmt":"2025-10-01T11:00:45","guid":{"rendered":"https:\/\/new.eftacim.org\/?page_id=185"},"modified":"2025-12-16T12:43:35","modified_gmt":"2025-12-16T11:43:35","slug":"mitglied-werden","status":"publish","type":"page","link":"https:\/\/new.eftacim.org\/de\/mitglied-werden\/","title":{"rendered":"Mitglied werden"},"content":{"rendered":"\n<figure class=\"wp-block-image size-full\"><img decoding=\"async\" src=\"https:\/\/new.eftacim.org\/wp-content\/uploads\/public_lyon4.jpeg\" alt=\"\" class=\"wp-image-855\"\/><\/figure>\n\n\n\n<h2 class=\"wp-block-heading has-text-align-center\">Mitglied werden<\/h2>\n\n\n\n<h3 class=\"wp-block-heading\">Wer kann Mitglied werden?<\/h3>\n\n\n\n<p><strong>Alle Mitglieder<\/strong> der EFTA CIM verf\u00fcgen \u00fcber <strong>eine umfassende Ausbildung in systemischer Familientherapie<\/strong>, die sie in ihrem Beruf anwenden.<\/p>\n\n\n\n<p>Zum Zeitpunkt der Anmeldung <strong>m\u00fcssen die Mitglieder beruflich aktiv sein<\/strong>. Deshalb bitten wir sie, ihrem Antrag (siehe PDF-Datei unten) ein Empfehlungsschreiben eines Kollegen oder Vorgesetzten beizuf\u00fcgen, das die systemische Arbeit des Praktikers best\u00e4tigt.<\/p>\n\n\n\n<p>Je nach Art der Arbeit, in der systemische Kompetenzen zum Einsatz kommen, erkennt die EFTA CIM jedoch zwei unterschiedliche Profile an:<\/p>\n\n\n\n<ol class=\"wp-block-list\">\n<li><strong>Familientherapeut\/in<\/strong> : Mitglied, das haupts\u00e4chlich klinische Arbeit mit Paaren und Familien leistet.<\/li>\n\n\n\n<li><strong>Systemischer Praktiker<\/strong> : Mitglied, das haupts\u00e4chlich Organisationsberatung oder andere Beratung auf der Grundlage einer systemischen Analyse von Kontexten und Beziehungen leistet.<\/li>\n<\/ol>\n\n\n\n<h3 class=\"wp-block-heading\">Spezifische Zulassungskriterien<\/h3>\n\n\n\n<p>Wir verlangen von Bewerbern f\u00fcr eine Mitgliedschaft bei EFTA CIM:<\/p>\n\n\n\n<p>\u25ca <strong>Eine vierj\u00e4hrige Ausbildung mit mindestens 700 Ausbildungsstunden<\/strong>, die wie folgt aufgeteilt und von der\/den Ausbildungseinrichtung(en) zertifiziert sind:<\/p>\n\n\n\n<p>\u2666 <strong>450 Stunden klinische Ausbildung<\/strong> (Systemtheorie, klinische Theorie, \u00dcbungen, Rollenspiele, pers\u00f6nliche Arbeit des Therapeuten, betreute klinische Praxis in vivo);<\/p>\n\n\n\n<p>\u2666 <strong>250 Stunden selbstst\u00e4ndige klinische Praxis<\/strong> in einem beruflichen Kontext oder im Rahmen eines Praktikums.<\/p>\n\n\n\n<p>\u25ca Sie m\u00fcssen beruflich im klinischen oder beratenden Kontext t\u00e4tig sein und ein Empfehlungsschreiben vorlegen, das dies best\u00e4tigt. Dieses Schreiben muss:<\/p>\n\n\n\n<p>\u2666 von einem Kollegen oder Vorgesetzten verfasst sein, der nicht Ausbilder des Bewerbers ist;<\/p>\n\n\n\n<p>\u2666 die Beziehung und die Rolle des Verfassers in Bezug auf den Bewerber beschreiben;<\/p>\n\n\n\n<p>\u2666 die Aufgaben beschreiben, bei denen er die Professionalit\u00e4t des Bewerbers sch\u00e4tzen gelernt hat;<\/p>\n\n\n\n<p>\u2666 pr\u00e4zisieren, dass die vom Kandidaten geleistete Arbeit mit der systemischen Familie in Zusammenhang steht.<\/p>\n\n\n\n<h3 class=\"wp-block-heading\">Vorteile einer Mitgliedschaft<\/h3>\n\n\n\n<ul class=\"wp-block-list\">\n<li><strong>Weiterbildung<\/strong> : hochkar\u00e4tige Fachveranstaltungen<\/li>\n\n\n\n<li><strong>Kooperationsplattform<\/strong> : ein internationales Netzwerk von Fachleuten zum Kn\u00fcpfen von Kontakten<\/li>\n\n\n\n<li><strong>Online-Pr\u00e4senz<\/strong> : Ihre Daten werden in der Mitgliederdatenbank der EFTA CIM ver\u00f6ffentlicht und k\u00f6nnen auf der Website der EFTA eingesehen werden<\/li>\n\n\n\n<li><strong>Wirtschaftliche Vorteile<\/strong> :\n<ul class=\"wp-block-list\">\n<li>Erm\u00e4\u00dfigte Teilnahmegeb\u00fchren f\u00fcr internationale EFTA-Konferenzen und bestimmte andere Veranstaltungen<\/li>\n\n\n\n<li>33 % Rabatt auf alle von Springer ver\u00f6ffentlichten B\u00fccher.<\/li>\n<\/ul>\n<\/li>\n\n\n\n<li><strong>Aktualisierung<\/strong> :\n<ul class=\"wp-block-list\">\n<li>Regelm\u00e4\u00dfig versandter E-Mail-Newsletter.<\/li>\n\n\n\n<li>Informationen zum Europ\u00e4ischen Zertifikat f\u00fcr Psychotherapie (CEP), f\u00fcr das die EFTA der bevorzugte Ansprechpartner f\u00fcr Familientherapeuten ist.<\/li>\n<\/ul>\n<\/li>\n<\/ul>\n\n\n\n<h3 class=\"wp-block-heading\">Wie werde ich Mitglied bei EFTA?<\/h3>\n\n\n\n<ol class=\"wp-block-list\">\n<li>Entscheiden Sie, ob Sie der EFTA als Familientherapeut oder als systemischer Praktiker beitreten m\u00f6chten.<\/li>\n\n\n\n<li>Laden Sie das entsprechende Formular herunter, das das Beitrittsgesuch, das Informationsblatt und die Zahlungsinformationen enth\u00e4lt.<\/li>\n\n\n\n<li>F\u00fcllen Sie das Formular in allen seinen Teilen aus.<\/li>\n\n\n\n<li>Stellen Sie die in den einzelnen Teilen angegebenen erforderlichen Bescheinigungen zusammen:<\/li>\n<\/ol>\n\n\n\n<ul class=\"wp-block-list\">\n<li>a) Vergewissern Sie sich, dass die von Ihnen beigef\u00fcgte Bescheinigung die erforderlichen Angaben (Anzahl der klinischen Ausbildungsstunden, Anzahl der Stunden selbst\u00e4ndiger Praxis usw.) eindeutig enth\u00e4lt. Wenn eine oder mehrere Bescheinigungen diese Angaben nicht direkt enthalten, k\u00f6nnen Sie sie durch Unterlagen des Instituts erg\u00e4nzen, in denen das Ihrer Bescheinigung entsprechende Ausbildungsprogramm beschrieben wird.<\/li>\n\n\n\n<li>b) Geben Sie in jedem Teil des Formulars den Namen der Akte mit den entsprechenden Unterlagen an, damit leicht \u00fcberpr\u00fcft werden kann, ob die Kriterien erf\u00fcllt sind.<\/li>\n<\/ul>\n\n\n\n<ol start=\"5\" class=\"wp-block-list\">\n<li>F\u00fcgen Sie einen detaillierten Lebenslauf bei.<\/li>\n\n\n\n<li>F\u00fcgen Sie die Quittung \u00fcber die Zahlung der Verwaltungsgeb\u00fchr in H\u00f6he von 38 \u20ac bei (diese Geb\u00fchr zahlen Sie nur einmal. Wenn Ihr Antrag genehmigt und Sie als Mitglied aufgenommen wurden, zahlen Sie den Jahresbeitrag).<\/li>\n\n\n\n<li>Senden Sie alles per E-Mail an folgende Adresse: <a href=\"mailto:secretariat@eftacim.org\">secretariat@eftacim.org<\/a><\/li>\n\n\n\n<li>Warten Sie, bis die vollst\u00e4ndigen Bewerbungsunterlagen der Bewertungskommission vorgelegt werden, die mindestens zweimal im Jahr (bei Bedarf auch \u00f6fter) zusammentritt. Diese Kommission pr\u00fcft die Unterlagen und trifft eine Entscheidung.<\/li>\n\n\n\n<li>Wenn Ihr Antrag angenommen wird, zahlen Sie den Jahresbeitrag in H\u00f6he von 80 \u20ac (2025) und werden Vollmitglied der EFTA-CIM.<\/li>\n\n\n\n<li>Da die Mitgliedschaft im Verein jedes Jahr best\u00e4tigt wird, muss der Beitrag ebenfalls j\u00e4hrlich gezahlt werden. Nach einem Austritt muss ein neuer Antrag gestellt werden, indem ein neues Dossier eingereicht wird.<\/li>\n<\/ol>\n\n\n\n<h3 class=\"wp-block-heading\">Antragsformular f\u00fcr die Mitgliedschaft herunterladen<\/h3>\n\n\n\n<p><a href=\"https:\/\/eftacim.org\/wp-content\/uploads\/2025\/04\/Application_Family_Therapist_ENG25.pdf\" target=\"_blank\" rel=\"noreferrer noopener\">Application form as FAMILY THERAPIST<\/a><\/p>\n\n\n\n<p><a href=\"https:\/\/eftacim.org\/wp-content\/uploads\/2025\/04\/Application_Systemic_Practitioner_ENG25.pdf\" target=\"_blank\" rel=\"noreferrer noopener\">Application form as SYSTEMIC PRACTITIONER<\/a><\/p>\n","protected":false},"excerpt":{"rendered":"<p>Mitglied werden Wer kann Mitglied werden? Alle Mitglieder der EFTA CIM verf\u00fcgen \u00fcber eine umfassende Ausbildung in systemischer Familientherapie, die sie in ihrem Beruf anwenden. Zum Zeitpunkt der Anmeldung m\u00fcssen die Mitglieder beruflich aktiv sein. Deshalb bitten wir sie, ihrem Antrag (siehe PDF-Datei unten) ein Empfehlungsschreiben eines Kollegen oder Vorgesetzten beizuf\u00fcgen, das die systemische Arbeit [&hellip;]<\/p>\n","protected":false},"author":2,"featured_media":0,"parent":0,"menu_order":0,"comment_status":"closed","ping_status":"closed","template":"","meta":{"footnotes":""},"categories":[],"tags":[],"class_list":["post-185","page","type-page","status-publish","hentry"],"_links":{"self":[{"href":"https:\/\/new.eftacim.org\/de\/wp-json\/wp\/v2\/pages\/185","targetHints":{"allow":["GET"]}}],"collection":[{"href":"https:\/\/new.eftacim.org\/de\/wp-json\/wp\/v2\/pages"}],"about":[{"href":"https:\/\/new.eftacim.org\/de\/wp-json\/wp\/v2\/types\/page"}],"author":[{"embeddable":true,"href":"https:\/\/new.eftacim.org\/de\/wp-json\/wp\/v2\/users\/2"}],"replies":[{"embeddable":true,"href":"https:\/\/new.eftacim.org\/de\/wp-json\/wp\/v2\/comments?post=185"}],"version-history":[{"count":4,"href":"https:\/\/new.eftacim.org\/de\/wp-json\/wp\/v2\/pages\/185\/revisions"}],"predecessor-version":[{"id":863,"href":"https:\/\/new.eftacim.org\/de\/wp-json\/wp\/v2\/pages\/185\/revisions\/863"}],"wp:attachment":[{"href":"https:\/\/new.eftacim.org\/de\/wp-json\/wp\/v2\/media?parent=185"}],"wp:term":[{"taxonomy":"category","embeddable":true,"href":"https:\/\/new.eftacim.org\/de\/wp-json\/wp\/v2\/categories?post=185"},{"taxonomy":"post_tag","embeddable":true,"href":"https:\/\/new.eftacim.org\/de\/wp-json\/wp\/v2\/tags?post=185"}],"curies":[{"name":"wp","href":"https:\/\/api.w.org\/{rel}","templated":true}]}}